{"id":3,"date":"2020-09-08T09:52:50","date_gmt":"2020-09-08T07:52:50","guid":{"rendered":"https:\/\/melaugusta.it\/site\/?page_id=3"},"modified":"2020-09-14T15:32:39","modified_gmt":"2020-09-14T13:32:39","slug":"privacy-policy","status":"publish","type":"page","link":"https:\/\/melaugusta.it\/?page_id=3","title":{"rendered":"Privacy Policy"},"content":{"rendered":"\t\t<div data-elementor-type=\"wp-page\" data-elementor-id=\"3\" class=\"elementor elementor-3\">\n\t\t\t\t\t\t\t\t\t<section class=\"elementor-section elementor-top-section elementor-element elementor-element-5c6b42f3 elementor-section-boxed elementor-section-height-default elementor-section-height-default\" data-id=\"5c6b42f3\" data-element_type=\"section\">\n\t\t\t\t\t\t<div class=\"elementor-container elementor-column-gap-default\">\n\t\t\t\t\t<div class=\"elementor-column elementor-col-100 elementor-top-column elementor-element elementor-element-7399d4ee\" data-id=\"7399d4ee\" data-element_type=\"column\">\n\t\t\t<div class=\"elementor-widget-wrap elementor-element-populated\">\n\t\t\t\t\t\t\t\t<div class=\"elementor-element elementor-element-13c6e1ce elementor-widget elementor-widget-text-editor\" data-id=\"13c6e1ce\" data-element_type=\"widget\" data-widget_type=\"text-editor.default\">\n\t\t\t\t<div class=\"elementor-widget-container\">\n\t\t\t\t\t\t\t<p><!-- wp:heading --><\/p>\n<header>\n<h2 class=\"\">NORMATIVA SULLA PRIVACY\/COOKIE<\/h2>\n<\/header>\n<p>La tua privacy e la sicurezza dei tuoi dati personali sono molto importanti, per questo raccogliamo e gestiamo i tuoi dati personali con la massima attenzione e adottiamo misure specifiche per custodirli al sicuro.<\/p>\n<p>In questa pagina si descrivono le modalit\u00e0 di gestione del sito in riferimento al trattamento dei dati personali degli utenti che lo consultano. L\u2019informativa non \u00e8 valida per altri siti web eventualmente consultabili attraverso i link raggiungibili da questo sito.<\/p>\n<p>L\u2019informativa si ispira anche al Regolamento Europeo (UE) 2016\/679 concernente la tutela delle persone fisiche con riguardo al trattamento dei dati personali e la libera circolazione di tali dati, entrato in vigore il 24 maggio 2016, abrogante la direttiva n. 95\/46\/CE, adottata il 17 maggio 2001, per individuare alcuni requisiti minimi di raccolta dei dati personali on-line e in particolare, le modalit\u00e0, i tempi e la natura delle informazioni che i titolari del trattamento devono fornire agli utenti quando questi si collegano a pagine web, indipendentemente dagli scopi del collegamento.<\/p>\n<p>\u00a0<\/p>\n<h4><strong>TITOLARE\u00a0DEL TRATTAMENTO\u00a0DEI DATI<\/strong><\/h4>\n<p>Ai sensi della vigente normativa in materia di protezione dei dati personali (prevista dal Regolamento (UE) 2016\/679 e provvedimenti dell\u2019Autorit\u00e0 Garante, di seguito \u201cnormativa privacy italiana\u201d), si informa che il titolare del trattamento dei dati personali raccolti all\u2019atto della registrazione o nel corso dell\u2019utilizzo del sito\u00a0<a href=\"http:\/\/melaugusta.com\" target=\"_blank\" rel=\"noopener\" data-wplink-url-error=\"true\">http:\/\/melaugusta.com<\/a> \u00e8 il Azienda Agricola Saint-Grat Di Vierin Ivo Isidoro &amp; C. S.s. con sede in Localit\u00e0 Torrent 1, 11020, Gressan, Aosta<\/p>\n<p>\u00a0<\/p>\n<h4><strong>RESPONSABILE DEL TRATTAMENTO DEI DATI<\/strong><\/h4>\n<p>Ai sensi della vigente normativa in materia di protezione dei dati personali (prevista dal Regolamento (UE) 2016\/679 e provvedimenti dell\u2019Autorit\u00e0 Garante, di seguito \u201cnormativa privacy italiana\u201d), si informa che un elenco dei Responsabili Esterni \u00e8 disponibile presso la sede legale del Movimento e potr\u00e0 essere richiesto tramite comunicazione da inviarsi a\u00a0<a title=\"Responsabile del Trattamento dei Dati\" href=\"saintgrat@gmail.com\" data-wplink-edit=\"true\">questo indirizzo<\/a>.<\/p>\n<p>\u00a0<\/p>\n<h4><strong>RESPONSABILE DELLA PROTEZIONE DEI DATI<\/strong><\/h4>\n<p>Azienda Agricola Saint-Grat Di Vierin Ivo Isidoro &amp; C. S.s. ha designato un Responsabile della Protezione dei Dati Personali. Se lo desideri, per qualsiasi richiesta in materia di protezione dei tuoi dati e sull\u2019esercizio dei tuoi diritti puoi contattare il nostro Responsabile della Protezione dei Dati (RPD), scrivendo all\u2019indirizzo postale del Titolare indicando l\u2019intestatario \u201cResponsabile della protezione dei dati\u201d, oppure via posta elettronica a <a title=\"Responsabile della Protezione dei Dati\" href=\"mailto:info@alliancevaldotaine.org\">questo indirizzo<\/a>.<\/p>\n<p>\u00a0<\/p>\n<h4><strong>LUOGO DI TRATTAMENTO DEI DATI<\/strong><\/h4>\n<p>I trattamenti connessi ai servizi web di questo sito hanno luogo presso la sede dell&#8217;Azienda Agricola Saint-Grat Di Vierin Ivo Isidoro &amp; C. S.s. e sono curati solo dal personale dell\u2019Ufficio incaricato del trattamento, oppure da eventuali incaricati di occasionali operazioni di manutenzione.<\/p>\n<p>I dati personali forniti dagli utenti sono utilizzati al solo fine di eseguire il servizio o la prestazione richiesta e sono comunicati a terzi nel solo caso in cui ci\u00f2 sia a tal fine necessario.<\/p>\n<p>\u00a0<\/p>\n<h4><strong>TIPI DI DATI TRATTATI<\/strong><\/h4>\n<h5><em>Informazioni sull\u2019uso che si fa del sito web<\/em><\/h5>\n<p>I sistemi informatici e le procedure software preposte al funzionamento di questo sito web acquisiscono, nel corso del loro normale esercizio, alcuni dati personali la cui trasmissione \u00e8 implicita nell\u2019uso dei protocolli di comunicazione di Internet.<\/p>\n<p>Si tratta di informazioni che non sono raccolte per essere associate a interessati identificati, ma che per loro stessa natura potrebbero, attraverso elaborazioni ed associazioni con dati detenuti da terzi, permettere di identificare gli utenti.<\/p>\n<p>In questa categoria di dati rientrano gli indirizzi IP o i nomi a dominio dei computer utilizzati dagli utenti che si connettono al sito, gli indirizzi in notazione URI (Uniform Resource Identifier) delle risorse richieste, l\u2019orario della richiesta, il metodo utilizzato nel sottoporre la richiesta al server, la dimensione del file ottenuto in risposta, il codice numerico indicante lo stato della risposta data dal server (buon fine, errore, ecc.) ed altri parametri relativi al sistema operativo e all\u2019ambiente informatico dell\u2019utente.<\/p>\n<p>Questi dati vengono utilizzati al solo fine di ricavare informazioni statistiche anonime sull\u2019uso del sito e per controllarne il corretto funzionamento e vengono cancellati immediatamente dopo l\u2019elaborazione.<\/p>\n<p>I dati potrebbero essere utilizzati per l\u2019accertamento di responsabilit\u00e0 in caso di ipotetici reati informatici ai danni del sito.<\/p>\n<p>\u00a0<\/p>\n<h4><strong>COME ACCEDERE ALLE INFORMAZIONI<\/strong><\/h4>\n<p>L\u2019utente ha il diritto di richiedere dettagli sulle informazioni raccolte e di correggere eventuali errori ad essi afferenti. Qualsiasi ulteriore diritto inderogabile resta impregiudicato. Azienda Agricola Saint-Grat Di Vierin Ivo Isidoro &amp; C. S.s. pu\u00f2 rifiutarsi di dar seguito alle richieste che siano irragionevolmente ripetitive, che richiedano uno sforzo tecnico sproporzionato, che possano ledere la privacy altrui, che siano estremamente impraticabili o per le quali l\u2019accesso non sia previsto dalla legge locale. Qualora l\u2019utente desideri avere accesso alle informazioni che lo riguardano, \u00e8 pregato di contattarci tramite il modulo presente sul nostro sito istituzionale.<\/p>\n<p>\u00a0<\/p>\n<h4><strong>IL CONFERIMENTO DEI DATI \u00c8 FACOLTATIVO<\/strong><\/h4>\n<p>A parte quanto specificato per i dati di navigazione, l\u2019utente \u00e8 libero di fornire i dati personali per richieste specifiche: il loro mancato conferimento pu\u00f2 comportare l\u2019impossibilit\u00e0 di ottenere quanto richiesto.<br \/>Per completezza va ricordato che in alcuni casi (non oggetto dell\u2019ordinaria gestione di questo sito) l\u2019Autorit\u00e0 pu\u00f2 richiedere notizie e informazioni, ai fini del controllo sul trattamento dei dati personali.<br \/>In questi casi la risposta \u00e8 obbligatoria a pena di sanzione amministrativa.<\/p>\n<p>\u00a0<\/p>\n<h4><strong>MODALIT\u00c0 DEL TRATTAMENTO<\/strong><\/h4>\n<p>I dati personali sono raccolti per permettere a Azienda Agricola Saint-Grat Di Vierin Ivo Isidoro &amp; C. S.s. di conseguire gli scopi per cui sono stati conferiti dagli stessi utenti registratisi.<\/p>\n<p>Azienda Agricola Saint-Grat Di Vierin Ivo Isidoro &amp; C. S.s. ha adottato misure tecniche e fisiche ragionevoli per proteggere le informazioni raccolte in relazione ai Servizi. Bench\u00e9 Azienda Agricola Saint-Grat Di Vierin Ivo Isidoro &amp; C. S.s. adotti precauzioni ragionevoli per proteggere le informazioni, tuttavia, nessun sito internet, trasmissione via Internet, computer o connessione wireless pu\u00f2 considerarsi completamente sicura.<\/p>\n<p>Facciamo quanto ragionevolmente possibile per assicurare che le informazioni che vi riguardano restino a nostra disposizione per il tempo strettamente necessario all\u2019espletamento delle finalit\u00e0 per le quali sono state trattate, o per un periodo pi\u00f9 lungo, se previsto ai sensi di un contratto o di una norma applicabile, ferme restando comunque le opportune tutele.<\/p>\n<p>\u00a0<\/p>\n<h4><strong>MISURE DI SICUREZZA<\/strong><\/h4>\n<p>Proteggiamo i tuoi dati personali con specifiche misure di sicurezza tecniche e organizzative, volte a prevenire che i tuoi dati personali possano essere utilizzati in maniera illegittima o fraudolenta. In particolare, utilizziamo misure di sicurezza che garantiscono: la pseudonimizzazione o la cifratura dei tuoi dati; la riservatezza, l\u2019integrit\u00e0, la disponibilit\u00e0 dei tuoi dati cos\u00ec come la resilienza dei sistemi e dei servizi che li elaborano; la capacit\u00e0 di ripristinare i dati in caso di data breach. Inoltre ci impegniamo a verificare e valutare regolarmente l\u2019efficacia delle misure tecniche ed organizzative al fine di garantire il miglioramento continuo nella sicurezza dei trattamenti.<\/p>\n<p>\u00a0<\/p>\n<h4><strong>DIRITTI DEGLI INTERESSATI<\/strong><\/h4>\n<p>I soggetti cui si riferiscono i dati personali hanno il diritto in qualunque momento di ottenere la conferma dell\u2019esistenza o meno dei medesimi dati e di conoscerne il contenuto e l\u2019origine, verificarne l\u2019esattezza o chiederne l\u2019integrazione o l\u2019aggiornamento, oppure la rettificazione.<\/p>\n<p>Ai sensi del medesimo articolo si ha il diritto di chiedere la cancellazione, la trasformazione in forma anonima o il blocco dei dati trattati in violazione di legge, nonch\u00e9 di opporsi in ogni caso, per motivi legittimi, al loro trattamento.<\/p>\n<p>Le richieste vanno rivolte al Titolare del trattamento che \u00e8 Azienda Agricola Saint-Grat Di Vierin Ivo Isidoro &amp; C. S.s..<\/p>\n<p>Il trattamento dei tuoi dati personali viene svolto\u00a0nel pieno rispetto della disciplina in materia prevista dal Regolamento (UE) 2016\/679 regolamento generale sulla protezione dei dati, delle norme in materia di trattamento dei dati personali italiane e dei provvedimenti della Autorit\u00e0 di controllo italiana (<a href=\"http:\/\/www.garanteprivacy.it\/\" target=\"_blank\" rel=\"noopener\">http:\/\/www.garanteprivacy.it<\/a>).<\/p>\n<p>\u00a0<\/p>\n<h4><strong>UTILIZZO DEI COOKIE<\/strong><\/h4>\n<p>Questo sito utilizza i cookie. Utilizzando il nostro sito web l\u2019utente dichiara di accettare e acconsentire all\u2019utilizzo dei cookie in conformit\u00e0 con i termini di uso dei cookie espressi in questo documento.<\/p>\n<p>\u00a0<\/p>\n<h4><strong>COSA SONO I COOKIE<\/strong><\/h4>\n<p>I cookie sono file di testo che contengono pacchetti di informazioni che vengono memorizzati sul tuo computer o sul tuo dispositivo mobile tutte le volte che visiti un sito online attraverso un browser. Ad ogni successiva visita il browser invia questi cookie al sito web che li ha originati o ad un altro sito. I cookie permettono ai siti di ricordare alcune informazioni per permetterti di navigare online in modo semplice e veloce.<\/p>\n<p>\u00a0<\/p>\n<h4><strong>I COOKIE SUL NOSTRO SITO<\/strong><\/h4>\n<p>Questo sito web utilizza i cookie\u00a0<em>tecnici e di profilazione<\/em>, che vengono installati automaticamente a seguito dell\u2019accesso al sito, per le finalit\u00e0 indicate in relazione a ciascuno di essi.<\/p>\n<p>Ci sono due principali tipi di cookie:<\/p>\n<ul>\n<li>i cookie di sessione (Cookie di navigazione) vengono eliminati dal computer automaticamente quando chiudi il browser;<\/li>\n<li>i cookie permanenti (Cookie Funzionali) restano memorizzati sul tuo computer a meno che non siano eliminati o raggiungano la loro data di scadenza.<\/li>\n<\/ul>\n<p>I cookie svolgono diverse funzioni utili:<\/p>\n<ul>\n<li>possono memorizzare le credenziali di accesso in modo che non sia necessario immetterle ogni volta che ci si collega a un servizio;<\/li>\n<li>permettono a Azienda Agricola Saint-Grat Di Vierin Ivo Isidoro &amp; C. S.s. e ai terzi di comprendere quali sono le parti dei nostri Servizi pi\u00f9 popolari, poich\u00e9 i cookies ci aiutano a rilevare le pagine e le funzioni che vengono utilizzate dai visitatori e quanto tempo essi trascorrono su di esse;<\/li>\n<\/ul>\n<p>Le informazioni sono archiviate lato server e solo l\u2019ID univoco contenuto nel cookie viene condiviso tra l\u2019utente e il server. Le informazioni memorizzate sul server restano in memoria fino alla scadenza della sessione. Il cookie stesso non contiene dati personali.<\/p>\n<p>\u00a0<\/p>\n<h4><strong>I COOKIE DI TERZE PARTI<\/strong><\/h4>\n<p>Questo sito web utilizza Google Analytics per raccogliere informazioni circa l\u2019utilizzo degli utenti del proprio sito web (Cookie Analitici). Google Analytics genera informazioni statistiche e di altro genere attraverso i cookie, memorizzati sui computer degli utenti. Le informazioni generate relative al nostro sito web sono utilizzate per fare dei report sull\u2019utilizzo dei siti web. Google memorizzer\u00e0 ed utilizzer\u00e0 queste informazioni. La politica sulla privacy di Google \u00e8 disponibile al seguente indirizzo:\u00a0<a href=\"http:\/\/www.google.com\/privacypolicy.html\" target=\"_blank\" rel=\"noopener\">www.google.com\/privacypolicy.html<\/a><\/p>\n<p>\u00a0<\/p>\n<h4><strong>COME DISABILITARE I COOKIE<\/strong><\/h4>\n<p>Quando utilizzate un browser per accedere ai Servizi, l\u2019utente pu\u00f2 configurare il browser in modo che accetti o rifiuti tutti i cookie o che venga informato quando viene inviato un cookie.<\/p>\n<p>Ogni browser \u00e8 diverso, pertanto per sapere come modificare le preferenze riguardanti i cookie visitate il menu \u201cAiuto\u201d del vostro browser.<\/p>\n<p>Il sistema operativo del vostro dispositivo pu\u00f2 prevedere controlli aggiuntivi relativi ai cookie.<\/p>\n<p>Si noti, tuttavia, che alcuni Servizi sono disegnati in modo tale da funzionare con i cookie e che disabilitando questi ultimi tali Servizi potrebbero risultare inutilizzabili, in tutto o in parte.<\/p>\n<p>Per saperne di pi\u00f9 riguardo ai cookie e come gestire o disabilitare quelli di terze parti o di marketing\/retargeting, visita www.youronlinechoices.com<\/p>\n<p>Per disabilitare i cookie analitici e per impedire a Google Analytics di raccogliere dati sulla tua navigazione, puoi scaricare il Componente aggiuntivo del browser per la disattivazione di Google Analytics:\u00a0<a href=\"https:\/\/tools.google.com\/dlpage\/gaoptout\" target=\"_blank\" rel=\"noopener\">tools.google.com\/dlpage\/gaoptout<\/a>.<\/p>\n<p><!-- \/wp:heading --><\/p>\t\t\t\t\t\t<\/div>\n\t\t\t\t<\/div>\n\t\t\t\t\t<\/div>\n\t\t<\/div>\n\t\t\t\t\t\t\t<\/div>\n\t\t<\/section>\n\t\t\t\t\t\t\t<\/div>\n\t\t","protected":false},"excerpt":{"rendered":"<p>NORMATIVA SULLA PRIVACY\/COOKIE La tua privacy e la sicurezza dei tuoi dati personali sono molto importanti, per questo raccogliamo e gestiamo i tuoi dati personali con la massima attenzione e adottiamo misure specifiche per custodirli al sicuro. In questa pagina si descrivono le modalit\u00e0 di gestione del sito in riferimento al trattamento dei dati personali [&hellip;]<\/p>\n","protected":false},"author":1,"featured_media":0,"parent":0,"menu_order":0,"comment_status":"closed","ping_status":"open","template":"","meta":{"footnotes":""},"acf":[],"_links":{"self":[{"href":"https:\/\/melaugusta.it\/index.php?rest_route=\/wp\/v2\/pages\/3"}],"collection":[{"href":"https:\/\/melaugusta.it\/index.php?rest_route=\/wp\/v2\/pages"}],"about":[{"href":"https:\/\/melaugusta.it\/index.php?rest_route=\/wp\/v2\/types\/page"}],"author":[{"embeddable":true,"href":"https:\/\/melaugusta.it\/index.php?rest_route=\/wp\/v2\/users\/1"}],"replies":[{"embeddable":true,"href":"https:\/\/melaugusta.it\/index.php?rest_route=%2Fwp%2Fv2%2Fcomments&post=3"}],"version-history":[{"count":6,"href":"https:\/\/melaugusta.it\/index.php?rest_route=\/wp\/v2\/pages\/3\/revisions"}],"predecessor-version":[{"id":57,"href":"https:\/\/melaugusta.it\/index.php?rest_route=\/wp\/v2\/pages\/3\/revisions\/57"}],"wp:attachment":[{"href":"https:\/\/melaugusta.it\/index.php?rest_route=%2Fwp%2Fv2%2Fmedia&parent=3"}],"curies":[{"name":"wp","href":"https:\/\/api.w.org\/{rel}","templated":true}]}}